{"id":641,"date":"2023-11-28T05:53:06","date_gmt":"2023-11-28T05:53:06","guid":{"rendered":"https:\/\/zagorka.hr\/o-nama\/"},"modified":"2023-11-29T12:28:26","modified_gmt":"2023-11-29T12:28:26","slug":"o-nama","status":"publish","type":"page","link":"https:\/\/zagorka.hr\/de\/o-nama\/","title":{"rendered":"o-nama"},"content":{"rendered":"<p>[et_pb_section fb_built=&#8220;1&#8243; admin_label=&#8220;Breadcrum&#8220; module_class=&#8220;breadcrm-part&#8220; _builder_version=&#8220;4.4.2&#8243; background_color=&#8220;#f9f1e3&#8243; custom_padding=&#8220;0px|0px|0px|0px|true|true&#8220; locked=&#8220;off&#8220;][et_pb_row _builder_version=&#8220;4.4.2&#8243; width=&#8220;100%&#8220; max_width=&#8220;1180px&#8220; custom_padding=&#8220;0px|0px|0px|0px|true|true&#8220;][et_pb_column type=&#8220;4_4&#8243; _builder_version=&#8220;4.4.2&#8243;][et_pb_code _builder_version=&#8220;4.4.2&#8243; custom_margin=&#8220;|||0px|false|false&#8220; custom_margin_tablet=&#8220;&#8220; custom_margin_phone=&#8220;|||30px|false|false&#8220; custom_margin_last_edited=&#8220;on|phone&#8220; custom_padding=&#8220;10px||10px|0px|true|false&#8220;]<span><span><a href=\"https:\/\/zagorka.hr\/de\/\">Home<\/a><\/span><\/span>[\/et_pb_code][\/et_pb_column][\/et_pb_row][\/et_pb_section][et_pb_section fb_built=&#8220;1&#8243; _builder_version=&#8220;4.4.2&#8243; custom_padding=&#8220;0px|0px|0px|0px|true|true&#8220;][et_pb_row column_structure=&#8220;3_5,2_5&#8243; _builder_version=&#8220;4.4.2&#8243; width=&#8220;100%&#8220; max_width=&#8220;1180px&#8220; custom_padding=&#8220;0px|0px|0px|0px|true|true&#8220;][et_pb_column type=&#8220;3_5&#8243; _builder_version=&#8220;4.4.2&#8243;][et_pb_text _builder_version=&#8220;4.4.2&#8243; text_font=&#8220;Hind||||||||&#8220; text_text_color=&#8220;#7f7f7f&#8220; text_font_size=&#8220;18px&#8220; header_font=&#8220;Hind|700|||||||&#8220; header_text_color=&#8220;#b0262a&#8220; custom_margin=&#8220;50px||50px||false|false&#8220; custom_margin_tablet=&#8220;&#8220; custom_margin_phone=&#8220;30px||30px||false|false&#8220; custom_margin_last_edited=&#8220;on|phone&#8220; custom_padding_tablet=&#8220;&#8220; custom_padding_phone=&#8220;&#8220; custom_padding_last_edited=&#8220;on|phone&#8220; hover_enabled=&#8220;0&#8243; header_text_align_tablet=&#8220;&#8220; header_text_align_phone=&#8220;center&#8220; header_text_align_last_edited=&#8220;on|phone&#8220;]<\/p>\n<h1>UNTERNEHMEN<\/h1>\n<p>[\/et_pb_text][et_pb_image src=&#8220;https:\/\/zagorka.hr\/wp-content\/uploads\/2023\/11\/zagorka-ltd-1-scaled.jpg&#8220; disabled_on=&#8220;off|on|on&#8220; _builder_version=&#8220;4.4.2&#8243; custom_margin=&#8220;150px||||false|false&#8220; custom_margin_tablet=&#8220;&#8220; custom_margin_phone=&#8220;0px||||false|false&#8220; custom_margin_last_edited=&#8220;on|phone&#8220; custom_padding=&#8220;0px|0px|0px|0px|true|true&#8220; custom_padding_tablet=&#8220;&#8220; custom_padding_phone=&#8220;|10px||10px|true|true&#8220; custom_padding_last_edited=&#8220;on|phone&#8220;][\/et_pb_image][et_pb_text _builder_version=&#8220;4.4.2&#8243; text_font=&#8220;Hind|300|||||||&#8220; text_text_color=&#8220;#7f7f7f&#8220; text_font_size=&#8220;18px&#8220; header_font=&#8220;Hind|700|||||||&#8220; header_text_color=&#8220;#b0262a&#8220; custom_margin=&#8220;||50px||false|false&#8220; custom_margin_tablet=&#8220;&#8220; custom_margin_phone=&#8220;|0px|0px|0px|false|true&#8220; custom_margin_last_edited=&#8220;on|phone&#8220; custom_padding=&#8220;0px|0px|0px|30px|true|false&#8220; custom_padding_tablet=&#8220;&#8220; custom_padding_phone=&#8220;0px|10px|0px|10px|true|true&#8220; custom_padding_last_edited=&#8220;on|phone&#8220; hover_enabled=&#8220;0&#8243;]<\/p>\n<p>Dank der hochwertigen Tonvorkommen in Bedekov\u010dina wurde Zagorka 1889 als erste Fabrik f\u00fcr Ton und feuerfeste Produkte in Kroatien gegr\u00fcndet. Seit 1995 ist Zagorka als Privatunternehmen f\u00fcr die Herstellung von Keramik t\u00e4tig.<\/p>\n<p>Die Produktpalette umfasst: Keramikverkleidungen f\u00fcr \u00d6fen, Tonelemente, hinterl\u00fcftete Keramikfassaden, Thermobeton sowie gepresste und gezogene feuerfeste Materialien.<\/p>\n<p>Der Zagorka-Laden befindet sich in der Fabrik. Das Angebot umfasst Kamine, Feuerstellen und \u00d6fen f\u00fchrender europ\u00e4ischer Hersteller wie La Nordica-Extraflame, Spartherm, Schmid und Kratki sowie feuerfestes Zubeh\u00f6r aus eigener Produktion.<\/p>\n<p>Unternehmensprofil<\/p>\n<p>Firmenname: Zagorka d.o.o. zur Herstellung von Tonmaterialien<br \/>Kurzer Firmenname: Zagorka d.o.o.<br \/>Firmensitz: Matije Gupca 2, 49221 Bedekov\u010dina<br \/>Das Unternehmen ist im Gerichtsregister des Handelsgerichts Zagreb eingetragen.<br \/>Das Grundkapital betr\u00e4gt 1.184.398,48 \u20ac.<br \/>Investmentbank: Privredna banka Zagreb d.d.<br \/>OIB: 63599753216 \/ MB: 03044700<br \/>IBAN: HR0423400091110102883<br \/>SWIFT (BIC): PBZGHR2X<br \/>Vorstandsmitglied: Zvonko Jaku\u0161<\/p>\n<p>[\/et_pb_text][\/et_pb_column][et_pb_column type=&#8220;2_5&#8243; _builder_version=&#8220;4.4.2&#8243;][et_pb_image src=&#8220;https:\/\/zagorka.hr\/wp-content\/uploads\/2023\/11\/zagorka-ltd-1-scaled.jpg&#8220; disabled_on=&#8220;on|off|off&#8220; _builder_version=&#8220;4.4.2&#8243; custom_margin=&#8220;150px||||false|false&#8220; custom_margin_tablet=&#8220;&#8220; custom_margin_phone=&#8220;0px||||false|false&#8220; custom_margin_last_edited=&#8220;on|phone&#8220; custom_padding=&#8220;0px|0px|0px|0px|true|true&#8220;][\/et_pb_image][\/et_pb_column][\/et_pb_row][\/et_pb_section]<\/p>\n","protected":false},"excerpt":{"rendered":"<p><span><span><a href=\"https:\/\/zagorka.hr\/de\/\">Home<\/a><\/span><\/span>UNTERNEHMENDank der hochwertigen Tonvorkommen in Bedekov\u010dina wurde Zagorka 1889 als erste Fabrik f\u00fcr Ton und feuerfeste Produkte in Kroatien gegr\u00fcndet. Seit 1995 ist Zagorka als Privatunternehmen f\u00fcr die Herstellung von Keramik t\u00e4tig. Die Produktpalette umfasst: Keramikverkleidungen f\u00fcr \u00d6fen, Tonelemente, hinterl\u00fcftete Keramikfassaden, Thermobeton sowie gepresste und gezogene feuerfeste Materialien. Der Zagorka-Laden befindet sich in der Fabrik. [&hellip;]<\/p>\n","protected":false},"author":1,"featured_media":0,"parent":0,"menu_order":0,"comment_status":"closed","ping_status":"closed","template":"","meta":{"_et_pb_use_builder":"on","_et_pb_old_content":"","_et_gb_content_width":"","footnotes":""},"class_list":["post-641","page","type-page","status-publish","hentry"],"yoast_head":"<!-- This site is optimized with the Yoast SEO plugin v21.6 - https:\/\/yoast.com\/wordpress\/plugins\/seo\/ -->\n<title>o-nama - Zagorka<\/title>\n<meta name=\"robots\" content=\"index, follow, max-snippet:-1, max-image-preview:large, max-video-preview:-1\" \/>\n<link rel=\"canonical\" href=\"https:\/\/zagorka.hr\/de\/o-nama\/\" \/>\n<meta property=\"og:locale\" content=\"de_DE\" \/>\n<meta property=\"og:type\" content=\"article\" \/>\n<meta property=\"og:title\" content=\"o-nama - Zagorka\" \/>\n<meta property=\"og:description\" content=\"UNTERNEHMENDank der hochwertigen Tonvorkommen in Bedekov\u010dina wurde Zagorka 1889 als erste Fabrik f\u00fcr Ton und feuerfeste Produkte in Kroatien gegr\u00fcndet. Seit 1995 ist Zagorka als Privatunternehmen f\u00fcr die Herstellung von Keramik t\u00e4tig. Die Produktpalette umfasst: Keramikverkleidungen f\u00fcr \u00d6fen, Tonelemente, hinterl\u00fcftete Keramikfassaden, Thermobeton sowie gepresste und gezogene feuerfeste Materialien. Der Zagorka-Laden befindet sich in der Fabrik. [&hellip;]\" \/>\n<meta property=\"og:url\" content=\"https:\/\/zagorka.hr\/de\/o-nama\/\" \/>\n<meta property=\"og:site_name\" content=\"Zagorka\" \/>\n<meta property=\"article:modified_time\" content=\"2023-11-29T12:28:26+00:00\" \/>\n<meta name=\"twitter:card\" content=\"summary_large_image\" \/>\n<meta name=\"twitter:label1\" content=\"Gesch\u00e4tzte Lesezeit\" \/>\n\t<meta name=\"twitter:data1\" content=\"2\u00a0Minuten\" \/>\n<script type=\"application\/ld+json\" class=\"yoast-schema-graph\">{\"@context\":\"https:\/\/schema.org\",\"@graph\":[{\"@type\":\"WebPage\",\"@id\":\"https:\/\/zagorka.hr\/de\/o-nama\/\",\"url\":\"https:\/\/zagorka.hr\/de\/o-nama\/\",\"name\":\"o-nama - Zagorka\",\"isPartOf\":{\"@id\":\"https:\/\/zagorka.hr\/de\/#website\"},\"datePublished\":\"2023-11-28T05:53:06+00:00\",\"dateModified\":\"2023-11-29T12:28:26+00:00\",\"breadcrumb\":{\"@id\":\"https:\/\/zagorka.hr\/de\/o-nama\/#breadcrumb\"},\"inLanguage\":\"de\",\"potentialAction\":[{\"@type\":\"ReadAction\",\"target\":[\"https:\/\/zagorka.hr\/de\/o-nama\/\"]}]},{\"@type\":\"BreadcrumbList\",\"@id\":\"https:\/\/zagorka.hr\/de\/o-nama\/#breadcrumb\",\"itemListElement\":[{\"@type\":\"ListItem\",\"position\":1,\"name\":\"Home\",\"item\":\"https:\/\/zagorka.hr\/de\/\"},{\"@type\":\"ListItem\",\"position\":2,\"name\":\"o-nama\"}]},{\"@type\":\"WebSite\",\"@id\":\"https:\/\/zagorka.hr\/de\/#website\",\"url\":\"https:\/\/zagorka.hr\/de\/\",\"name\":\"Zagorka\",\"description\":\"zagorka.hr\",\"potentialAction\":[{\"@type\":\"SearchAction\",\"target\":{\"@type\":\"EntryPoint\",\"urlTemplate\":\"https:\/\/zagorka.hr\/de\/?s={search_term_string}\"},\"query-input\":\"required name=search_term_string\"}],\"inLanguage\":\"de\"}]}<\/script>\n<!-- \/ Yoast SEO plugin. -->","yoast_head_json":{"title":"o-nama - Zagorka","robots":{"index":"index","follow":"follow","max-snippet":"max-snippet:-1","max-image-preview":"max-image-preview:large","max-video-preview":"max-video-preview:-1"},"canonical":"https:\/\/zagorka.hr\/de\/o-nama\/","og_locale":"de_DE","og_type":"article","og_title":"o-nama - Zagorka","og_description":"UNTERNEHMENDank der hochwertigen Tonvorkommen in Bedekov\u010dina wurde Zagorka 1889 als erste Fabrik f\u00fcr Ton und feuerfeste Produkte in Kroatien gegr\u00fcndet. Seit 1995 ist Zagorka als Privatunternehmen f\u00fcr die Herstellung von Keramik t\u00e4tig. Die Produktpalette umfasst: Keramikverkleidungen f\u00fcr \u00d6fen, Tonelemente, hinterl\u00fcftete Keramikfassaden, Thermobeton sowie gepresste und gezogene feuerfeste Materialien. Der Zagorka-Laden befindet sich in der Fabrik. [&hellip;]","og_url":"https:\/\/zagorka.hr\/de\/o-nama\/","og_site_name":"Zagorka","article_modified_time":"2023-11-29T12:28:26+00:00","twitter_card":"summary_large_image","twitter_misc":{"Gesch\u00e4tzte Lesezeit":"2\u00a0Minuten"},"schema":{"@context":"https:\/\/schema.org","@graph":[{"@type":"WebPage","@id":"https:\/\/zagorka.hr\/de\/o-nama\/","url":"https:\/\/zagorka.hr\/de\/o-nama\/","name":"o-nama - Zagorka","isPartOf":{"@id":"https:\/\/zagorka.hr\/de\/#website"},"datePublished":"2023-11-28T05:53:06+00:00","dateModified":"2023-11-29T12:28:26+00:00","breadcrumb":{"@id":"https:\/\/zagorka.hr\/de\/o-nama\/#breadcrumb"},"inLanguage":"de","potentialAction":[{"@type":"ReadAction","target":["https:\/\/zagorka.hr\/de\/o-nama\/"]}]},{"@type":"BreadcrumbList","@id":"https:\/\/zagorka.hr\/de\/o-nama\/#breadcrumb","itemListElement":[{"@type":"ListItem","position":1,"name":"Home","item":"https:\/\/zagorka.hr\/de\/"},{"@type":"ListItem","position":2,"name":"o-nama"}]},{"@type":"WebSite","@id":"https:\/\/zagorka.hr\/de\/#website","url":"https:\/\/zagorka.hr\/de\/","name":"Zagorka","description":"zagorka.hr","potentialAction":[{"@type":"SearchAction","target":{"@type":"EntryPoint","urlTemplate":"https:\/\/zagorka.hr\/de\/?s={search_term_string}"},"query-input":"required name=search_term_string"}],"inLanguage":"de"}]}},"_links":{"self":[{"href":"https:\/\/zagorka.hr\/de\/wp-json\/wp\/v2\/pages\/641","targetHints":{"allow":["GET"]}}],"collection":[{"href":"https:\/\/zagorka.hr\/de\/wp-json\/wp\/v2\/pages"}],"about":[{"href":"https:\/\/zagorka.hr\/de\/wp-json\/wp\/v2\/types\/page"}],"author":[{"embeddable":true,"href":"https:\/\/zagorka.hr\/de\/wp-json\/wp\/v2\/users\/1"}],"replies":[{"embeddable":true,"href":"https:\/\/zagorka.hr\/de\/wp-json\/wp\/v2\/comments?post=641"}],"version-history":[{"count":7,"href":"https:\/\/zagorka.hr\/de\/wp-json\/wp\/v2\/pages\/641\/revisions"}],"predecessor-version":[{"id":916,"href":"https:\/\/zagorka.hr\/de\/wp-json\/wp\/v2\/pages\/641\/revisions\/916"}],"wp:attachment":[{"href":"https:\/\/zagorka.hr\/de\/wp-json\/wp\/v2\/media?parent=641"}],"curies":[{"name":"wp","href":"https:\/\/api.w.org\/{rel}","templated":true}]}}