{"id":655,"date":"2023-11-29T05:00:41","date_gmt":"2023-11-29T05:00:41","guid":{"rendered":"https:\/\/zagorka.hr\/home\/"},"modified":"2023-11-29T12:17:16","modified_gmt":"2023-11-29T12:17:16","slug":"home","status":"publish","type":"page","link":"https:\/\/zagorka.hr\/de\/","title":{"rendered":"Home"},"content":{"rendered":"<p>[et_pb_section fb_built=&#8220;1&#8243; admin_label=&#8220;Banner&#8220; module_class=&#8220;home-slider&#8220; _builder_version=&#8220;4.4.2&#8243; background_color=&#8220;#f9f1e3&#8243; custom_margin=&#8220;0px||||false|false&#8220; custom_padding=&#8220;0px||||false|false&#8220;][et_pb_row _builder_version=&#8220;4.4.2&#8243; custom_margin=&#8220;0px||||false|false&#8220; custom_padding=&#8220;0px||||false|false&#8220;][et_pb_column type=&#8220;4_4&#8243; _builder_version=&#8220;4.4.2&#8243;][et_pb_slider show_pagination=&#8220;off&#8220; _builder_version=&#8220;4.4.2&#8243; background_enable_image=&#8220;off&#8220; custom_margin=&#8220;0px||||false|false&#8220; custom_padding=&#8220;0px||||false|false&#8220;][et_pb_slide _builder_version=&#8220;4.4.2&#8243; background_enable_color=&#8220;off&#8220; background_image=&#8220;https:\/\/zagorka.hr\/wp-content\/uploads\/2023\/11\/anima.png&#8220; background_enable_image=&#8220;on&#8220;][\/et_pb_slide][\/et_pb_slider][\/et_pb_column][\/et_pb_row][\/et_pb_section][et_pb_section fb_built=&#8220;1&#8243; admin_label=&#8220;Post&#8220; module_class=&#8220;home-blog&#8220; _builder_version=&#8220;4.4.2&#8243;][et_pb_row _builder_version=&#8220;4.4.2&#8243;][et_pb_column type=&#8220;4_4&#8243; _builder_version=&#8220;4.4.2&#8243;][et_pb_blog fullwidth=&#8220;off&#8220; posts_number=&#8220;6&#8243; use_manual_excerpt=&#8220;off&#8220; show_author=&#8220;off&#8220; show_date=&#8220;off&#8220; show_categories=&#8220;off&#8220; show_excerpt=&#8220;off&#8220; show_pagination=&#8220;off&#8220; _builder_version=&#8220;4.4.2&#8243;][\/et_pb_blog][\/et_pb_column][\/et_pb_row][\/et_pb_section][et_pb_section fb_built=&#8220;1&#8243; admin_label=&#8220;Product category&#8220; module_class=&#8220;product-part&#8220; _builder_version=&#8220;4.4.2&#8243; background_color=&#8220;#f6f6f6&#8243; custom_padding=&#8220;60px||60px||true|false&#8220;][et_pb_row _builder_version=&#8220;4.4.2&#8243;][et_pb_column type=&#8220;4_4&#8243; _builder_version=&#8220;4.4.2&#8243;][et_pb_text _builder_version=&#8220;4.4.2&#8243; header_font=&#8220;|700|||||||&#8220; header_text_color=&#8220;#5f5f5f&#8220; header_line_height=&#8220;36px&#8220;]<\/p>\n<h1>PRODUKTE<\/h1>\n<p>[\/et_pb_text][\/et_pb_column][\/et_pb_row][et_pb_row column_structure=&#8220;1_3,1_3,1_3&#8243; _builder_version=&#8220;4.4.2&#8243;][et_pb_column type=&#8220;1_3&#8243; _builder_version=&#8220;4.4.2&#8243;][et_pb_blurb title=&#8220;Kamini und Pe\u0107i&#8220; url=&#8220;\/product_cat\/kamini-i-peci\/&#8220; url_new_window=&#8220;on&#8220; image=&#8220;https:\/\/zagorka.hr\/wp-content\/uploads\/2023\/11\/screen-shot-2017-09-15-at-13.25.52.png&#8220; _builder_version=&#8220;4.4.2&#8243; header_font=&#8220;|700|||||||&#8220; header_text_align=&#8220;center&#8220; header_text_color=&#8220;#b0262a&#8220; header_font_size=&#8220;30px&#8220; header_line_height=&#8220;35px&#8220; text_orientation=&#8220;center&#8220; hover_enabled=&#8220;0&#8243; header_text_shadow_style=&#8220;preset1&#8243;][\/et_pb_blurb][\/et_pb_column][et_pb_column type=&#8220;1_3&#8243; _builder_version=&#8220;4.4.2&#8243;][et_pb_blurb title=&#8220;Keramische Ofeneinlagen&#8220; url=&#8220;\/product_cat\/keramicke-obloge-za-peci\/&#8220; url_new_window=&#8220;on&#8220; image=&#8220;https:\/\/zagorka.hr\/wp-content\/uploads\/2023\/11\/screen-shot-2017-09-25-at-18.47.54.png&#8220; _builder_version=&#8220;4.4.2&#8243; header_font=&#8220;|700|||||||&#8220; header_text_align=&#8220;center&#8220; header_text_color=&#8220;#b0262a&#8220; header_font_size=&#8220;30px&#8220; header_line_height=&#8220;35px&#8220; text_orientation=&#8220;center&#8220; hover_enabled=&#8220;0&#8243; header_text_shadow_style=&#8220;preset1&#8243;][\/et_pb_blurb][\/et_pb_column][et_pb_column type=&#8220;1_3&#8243; _builder_version=&#8220;4.4.2&#8243;][et_pb_blurb title=&#8220;Hinterl\u00fcftete Keramikfassaden&#8220; url=&#8220;\/product_cat\/ventilirane-keramicke-fasade\/&#8220; url_new_window=&#8220;on&#8220; image=&#8220;https:\/\/zagorka.hr\/wp-content\/uploads\/2023\/11\/1-69-.jpg&#8220; _builder_version=&#8220;4.4.2&#8243; header_font=&#8220;|700|||||||&#8220; header_text_align=&#8220;center&#8220; header_text_color=&#8220;#b0262a&#8220; header_font_size=&#8220;30px&#8220; header_line_height=&#8220;35px&#8220; text_orientation=&#8220;center&#8220; hover_enabled=&#8220;0&#8243; header_text_shadow_style=&#8220;preset1&#8243;][\/et_pb_blurb][\/et_pb_column][\/et_pb_row][et_pb_row column_structure=&#8220;1_3,1_3,1_3&#8243; _builder_version=&#8220;4.4.2&#8243;][et_pb_column type=&#8220;1_3&#8243; _builder_version=&#8220;4.4.2&#8243;][et_pb_blurb title=&#8220;Vatrostal-Material&#8220; url=&#8220;\/product_cat\/vatrostalni-materijal\/&#8220; url_new_window=&#8220;on&#8220; image=&#8220;https:\/\/zagorka.hr\/wp-content\/uploads\/2023\/11\/210812958517542599831197220496_screen-shot-2017-09-25-at-16.59.33.png&#8220; _builder_version=&#8220;4.4.2&#8243; header_font=&#8220;|700|||||||&#8220; header_text_align=&#8220;center&#8220; header_text_color=&#8220;#b0262a&#8220; header_font_size=&#8220;30px&#8220; header_line_height=&#8220;35px&#8220; text_orientation=&#8220;center&#8220; hover_enabled=&#8220;0&#8243; header_text_shadow_style=&#8220;preset1&#8243;][\/et_pb_blurb][et_pb_image src=&#8220;https:\/\/zagorka.hr\/wp-content\/uploads\/2023\/11\/cate-arrow.png&#8220; module_class=&#8220;cate-title img&#8220; _builder_version=&#8220;4.4.2&#8243; position_origin_a=&#8220;top_center&#8220; width=&#8220;100%&#8220;][\/et_pb_image][\/et_pb_column][et_pb_column type=&#8220;1_3&#8243; _builder_version=&#8220;4.4.2&#8243;][et_pb_blurb title=&#8220;Glina&#8220; url=&#8220;\/product_cat\/glina\/&#8220; url_new_window=&#8220;on&#8220; image=&#8220;https:\/\/zagorka.hr\/wp-content\/uploads\/2023\/11\/glina.jpg&#8220; _builder_version=&#8220;4.4.2&#8243; header_font=&#8220;|700|||||||&#8220; header_text_align=&#8220;center&#8220; header_text_color=&#8220;#b0262a&#8220; header_font_size=&#8220;30px&#8220; header_line_height=&#8220;35px&#8220; text_orientation=&#8220;center&#8220; hover_enabled=&#8220;0&#8243; header_text_shadow_style=&#8220;preset1&#8243;][\/et_pb_blurb][\/et_pb_column][et_pb_column type=&#8220;1_3&#8243; _builder_version=&#8220;4.4.2&#8243;][\/et_pb_column][\/et_pb_row][\/et_pb_section][et_pb_section fb_built=&#8220;1&#8243; module_class=&#8220;post-layout&#8220; _builder_version=&#8220;4.4.2&#8243;][et_pb_row column_structure=&#8220;1_2,1_2&#8243; _builder_version=&#8220;4.4.2&#8243;][et_pb_column type=&#8220;1_2&#8243; _builder_version=&#8220;4.4.2&#8243;][et_pb_blurb title=&#8220;Zagorka &#8211; Kaljevi&#8220; image=&#8220;https:\/\/zagorka.hr\/wp-content\/uploads\/2023\/11\/zagorka-kaljeve-peci-i-kaljevi.png&#8220; icon_placement=&#8220;left&#8220; _builder_version=&#8220;4.4.2&#8243; link_option_url=&#8220;\/2023\/11\/28\/zagorka-kaljevi\/&#8220; link_option_url_new_window=&#8220;on&#8220; hover_enabled=&#8220;0&#8243;]<\/p>\n<p>Kaljeve pe\u0107i kakve danas poznajemo razvile su se u Austriji i Ju\u017enoj Njema\u010dkoj. Svoj procvat do\u017eivljavaju tijekom 15. stolje\u0107a kada preuzimaju ulogu&#8230;<\/p>\n<p><span style=\"color: #ff0000;\">mehr lesen<\/span><\/p>\n<p>[\/et_pb_blurb][\/et_pb_column][et_pb_column type=&#8220;1_2&#8243; _builder_version=&#8220;4.4.2&#8243;][et_pb_blurb title=&#8220;Wettbewerbsf\u00e4higkeit und Koh\u00e4sion%22.&#8220; image=&#8220;https:\/\/zagorka.hr\/wp-content\/uploads\/2023\/11\/web-vidljivost.png&#8220; icon_placement=&#8220;left&#8220; _builder_version=&#8220;4.4.2&#8243; link_option_url=&#8220;\/2023\/11\/28\/wettbewerbsfaehigkeit-und-zusammenhalt\/&#8220; link_option_url_new_window=&#8220;on&#8220; hover_enabled=&#8220;0&#8243;]<\/p>\n<p>Zagorka d.o.o. krajnji je primatelj \ufb01nancijskog instrumenta su\ufb01nanciranog iz Europskog fonda za regionalni razvoj u sklopu Operativnog programa&#8230;<\/p>\n<p><span style=\"color: #ff0000;\">mehr lesen<\/span><\/p>\n<p>[\/et_pb_blurb][\/et_pb_column][\/et_pb_row][\/et_pb_section]<\/p>\n","protected":false},"excerpt":{"rendered":"<p>PRODUKTEKaljeve pe\u0107i kakve danas poznajemo razvile su se u Austriji i Ju\u017enoj Njema\u010dkoj. Svoj procvat do\u017eivljavaju tijekom 15. stolje\u0107a kada preuzimaju ulogu&#8230; mehr lesen Zagorka d.o.o. krajnji je primatelj \ufb01nancijskog instrumenta su\ufb01nanciranog iz Europskog fonda za regionalni razvoj u sklopu Operativnog programa&#8230; mehr lesen<\/p>\n","protected":false},"author":1,"featured_media":0,"parent":0,"menu_order":0,"comment_status":"closed","ping_status":"closed","template":"","meta":{"_et_pb_use_builder":"on","_et_pb_old_content":"","_et_gb_content_width":"","footnotes":""},"class_list":["post-655","page","type-page","status-publish","hentry"],"yoast_head":"<!-- This site is optimized with the Yoast SEO plugin v21.6 - https:\/\/yoast.com\/wordpress\/plugins\/seo\/ -->\n<title>Home - Zagorka<\/title>\n<meta name=\"robots\" content=\"index, follow, max-snippet:-1, max-image-preview:large, max-video-preview:-1\" \/>\n<link rel=\"canonical\" href=\"https:\/\/zagorka.hr\/de\/\" \/>\n<meta property=\"og:locale\" content=\"de_DE\" \/>\n<meta property=\"og:type\" content=\"article\" \/>\n<meta property=\"og:title\" content=\"Home - Zagorka\" \/>\n<meta property=\"og:description\" content=\"PRODUKTEKaljeve pe\u0107i kakve danas poznajemo razvile su se u Austriji i Ju\u017enoj Njema\u010dkoj. Svoj procvat do\u017eivljavaju tijekom 15. stolje\u0107a kada preuzimaju ulogu... mehr lesen Zagorka d.o.o. krajnji je primatelj \ufb01nancijskog instrumenta su\ufb01nanciranog iz Europskog fonda za regionalni razvoj u sklopu Operativnog programa... mehr lesen\" \/>\n<meta property=\"og:url\" content=\"https:\/\/zagorka.hr\/de\/\" \/>\n<meta property=\"og:site_name\" content=\"Zagorka\" \/>\n<meta property=\"article:modified_time\" content=\"2023-11-29T12:17:16+00:00\" \/>\n<meta name=\"twitter:card\" content=\"summary_large_image\" \/>\n<meta name=\"twitter:label1\" content=\"Gesch\u00e4tzte Lesezeit\" \/>\n\t<meta name=\"twitter:data1\" content=\"2\u00a0Minuten\" \/>\n<script type=\"application\/ld+json\" class=\"yoast-schema-graph\">{\"@context\":\"https:\/\/schema.org\",\"@graph\":[{\"@type\":\"WebPage\",\"@id\":\"https:\/\/zagorka.hr\/de\/\",\"url\":\"https:\/\/zagorka.hr\/de\/\",\"name\":\"Home - Zagorka\",\"isPartOf\":{\"@id\":\"https:\/\/zagorka.hr\/de\/#website\"},\"datePublished\":\"2023-11-29T05:00:41+00:00\",\"dateModified\":\"2023-11-29T12:17:16+00:00\",\"breadcrumb\":{\"@id\":\"https:\/\/zagorka.hr\/de\/#breadcrumb\"},\"inLanguage\":\"de\",\"potentialAction\":[{\"@type\":\"ReadAction\",\"target\":[\"https:\/\/zagorka.hr\/de\/\"]}]},{\"@type\":\"BreadcrumbList\",\"@id\":\"https:\/\/zagorka.hr\/de\/#breadcrumb\",\"itemListElement\":[{\"@type\":\"ListItem\",\"position\":1,\"name\":\"Home\",\"item\":\"https:\/\/zagorka.hr\/de\/\"},{\"@type\":\"ListItem\",\"position\":2,\"name\":\"Home\"}]},{\"@type\":\"WebSite\",\"@id\":\"https:\/\/zagorka.hr\/de\/#website\",\"url\":\"https:\/\/zagorka.hr\/de\/\",\"name\":\"Zagorka\",\"description\":\"zagorka.hr\",\"potentialAction\":[{\"@type\":\"SearchAction\",\"target\":{\"@type\":\"EntryPoint\",\"urlTemplate\":\"https:\/\/zagorka.hr\/de\/?s={search_term_string}\"},\"query-input\":\"required name=search_term_string\"}],\"inLanguage\":\"de\"}]}<\/script>\n<!-- \/ Yoast SEO plugin. -->","yoast_head_json":{"title":"Home - Zagorka","robots":{"index":"index","follow":"follow","max-snippet":"max-snippet:-1","max-image-preview":"max-image-preview:large","max-video-preview":"max-video-preview:-1"},"canonical":"https:\/\/zagorka.hr\/de\/","og_locale":"de_DE","og_type":"article","og_title":"Home - Zagorka","og_description":"PRODUKTEKaljeve pe\u0107i kakve danas poznajemo razvile su se u Austriji i Ju\u017enoj Njema\u010dkoj. Svoj procvat do\u017eivljavaju tijekom 15. stolje\u0107a kada preuzimaju ulogu... mehr lesen Zagorka d.o.o. krajnji je primatelj \ufb01nancijskog instrumenta su\ufb01nanciranog iz Europskog fonda za regionalni razvoj u sklopu Operativnog programa... mehr lesen","og_url":"https:\/\/zagorka.hr\/de\/","og_site_name":"Zagorka","article_modified_time":"2023-11-29T12:17:16+00:00","twitter_card":"summary_large_image","twitter_misc":{"Gesch\u00e4tzte Lesezeit":"2\u00a0Minuten"},"schema":{"@context":"https:\/\/schema.org","@graph":[{"@type":"WebPage","@id":"https:\/\/zagorka.hr\/de\/","url":"https:\/\/zagorka.hr\/de\/","name":"Home - Zagorka","isPartOf":{"@id":"https:\/\/zagorka.hr\/de\/#website"},"datePublished":"2023-11-29T05:00:41+00:00","dateModified":"2023-11-29T12:17:16+00:00","breadcrumb":{"@id":"https:\/\/zagorka.hr\/de\/#breadcrumb"},"inLanguage":"de","potentialAction":[{"@type":"ReadAction","target":["https:\/\/zagorka.hr\/de\/"]}]},{"@type":"BreadcrumbList","@id":"https:\/\/zagorka.hr\/de\/#breadcrumb","itemListElement":[{"@type":"ListItem","position":1,"name":"Home","item":"https:\/\/zagorka.hr\/de\/"},{"@type":"ListItem","position":2,"name":"Home"}]},{"@type":"WebSite","@id":"https:\/\/zagorka.hr\/de\/#website","url":"https:\/\/zagorka.hr\/de\/","name":"Zagorka","description":"zagorka.hr","potentialAction":[{"@type":"SearchAction","target":{"@type":"EntryPoint","urlTemplate":"https:\/\/zagorka.hr\/de\/?s={search_term_string}"},"query-input":"required name=search_term_string"}],"inLanguage":"de"}]}},"_links":{"self":[{"href":"https:\/\/zagorka.hr\/de\/wp-json\/wp\/v2\/pages\/655","targetHints":{"allow":["GET"]}}],"collection":[{"href":"https:\/\/zagorka.hr\/de\/wp-json\/wp\/v2\/pages"}],"about":[{"href":"https:\/\/zagorka.hr\/de\/wp-json\/wp\/v2\/types\/page"}],"author":[{"embeddable":true,"href":"https:\/\/zagorka.hr\/de\/wp-json\/wp\/v2\/users\/1"}],"replies":[{"embeddable":true,"href":"https:\/\/zagorka.hr\/de\/wp-json\/wp\/v2\/comments?post=655"}],"version-history":[{"count":10,"href":"https:\/\/zagorka.hr\/de\/wp-json\/wp\/v2\/pages\/655\/revisions"}],"predecessor-version":[{"id":899,"href":"https:\/\/zagorka.hr\/de\/wp-json\/wp\/v2\/pages\/655\/revisions\/899"}],"wp:attachment":[{"href":"https:\/\/zagorka.hr\/de\/wp-json\/wp\/v2\/media?parent=655"}],"curies":[{"name":"wp","href":"https:\/\/api.w.org\/{rel}","templated":true}]}}