{"id":147,"date":"2023-11-28T05:53:06","date_gmt":"2023-11-28T05:53:06","guid":{"rendered":"https:\/\/zagorka.hr\/?page_id=147"},"modified":"2023-11-29T07:39:49","modified_gmt":"2023-11-29T07:39:49","slug":"o-nama","status":"publish","type":"page","link":"https:\/\/zagorka.hr\/hr\/o-nama\/","title":{"rendered":"o-nama"},"content":{"rendered":"<p>[et_pb_section fb_built=&#8221;1&#8243; admin_label=&#8221;Breadcrum&#8221; module_class=&#8221;breadcrm-part&#8221; _builder_version=&#8221;4.4.2&#8243; background_color=&#8221;#f9f1e3&#8243; custom_padding=&#8221;0px|0px|0px|0px|true|true&#8221; locked=&#8221;off&#8221;][et_pb_row _builder_version=&#8221;4.4.2&#8243; width=&#8221;100%&#8221; max_width=&#8221;1180px&#8221; custom_padding=&#8221;0px|0px|0px|0px|true|true&#8221;][et_pb_column type=&#8221;4_4&#8243; _builder_version=&#8221;4.4.2&#8243;][et_pb_code _builder_version=&#8221;4.4.2&#8243; custom_margin=&#8221;|||0px|false|false&#8221; custom_margin_tablet=&#8221;&#8221; custom_margin_phone=&#8221;|||30px|false|false&#8221; custom_margin_last_edited=&#8221;on|phone&#8221; custom_padding=&#8221;10px||10px|0px|true|false&#8221;]<span><span><a href=\"https:\/\/zagorka.hr\/hr\/\">Home<\/a><\/span><\/span>[\/et_pb_code][\/et_pb_column][\/et_pb_row][\/et_pb_section][et_pb_section fb_built=&#8221;1&#8243; _builder_version=&#8221;4.4.2&#8243; custom_padding=&#8221;0px|0px|0px|0px|true|true&#8221;][et_pb_row column_structure=&#8221;3_5,2_5&#8243; _builder_version=&#8221;4.4.2&#8243; width=&#8221;100%&#8221; max_width=&#8221;1180px&#8221; custom_padding=&#8221;0px|0px|0px|0px|true|true&#8221;][et_pb_column type=&#8221;3_5&#8243; _builder_version=&#8221;4.4.2&#8243;][et_pb_text _builder_version=&#8221;4.4.2&#8243; text_font=&#8221;Hind||||||||&#8221; text_text_color=&#8221;#7f7f7f&#8221; text_font_size=&#8221;18px&#8221; header_font=&#8221;Hind|700|||||||&#8221; header_text_color=&#8221;#b0262a&#8221; custom_margin=&#8221;50px||50px||false|false&#8221; custom_margin_tablet=&#8221;&#8221; custom_margin_phone=&#8221;30px||30px||false|false&#8221; custom_margin_last_edited=&#8221;on|phone&#8221; custom_padding_tablet=&#8221;&#8221; custom_padding_phone=&#8221;&#8221; custom_padding_last_edited=&#8221;on|phone&#8221; hover_enabled=&#8221;0&#8243; header_text_align_tablet=&#8221;&#8221; header_text_align_phone=&#8221;center&#8221; header_text_align_last_edited=&#8221;on|phone&#8221;]<\/p>\n<h1>O NAMA<\/h1>\n<p>[\/et_pb_text][et_pb_image src=&#8221;https:\/\/zagorka.hr\/wp-content\/uploads\/2023\/11\/zagorka-ltd-1-scaled.jpg&#8221; disabled_on=&#8221;off|on|on&#8221; _builder_version=&#8221;4.4.2&#8243; custom_margin=&#8221;150px||||false|false&#8221; custom_margin_tablet=&#8221;&#8221; custom_margin_phone=&#8221;0px||||false|false&#8221; custom_margin_last_edited=&#8221;on|phone&#8221; custom_padding=&#8221;0px|0px|0px|0px|true|true&#8221; custom_padding_tablet=&#8221;&#8221; custom_padding_phone=&#8221;|10px||10px|true|true&#8221; custom_padding_last_edited=&#8221;on|phone&#8221;][\/et_pb_image][et_pb_text _builder_version=&#8221;4.4.2&#8243; text_font=&#8221;Hind|300|||||||&#8221; text_text_color=&#8221;#7f7f7f&#8221; text_font_size=&#8221;18px&#8221; header_font=&#8221;Hind|700|||||||&#8221; header_text_color=&#8221;#b0262a&#8221; custom_margin=&#8221;||50px||false|false&#8221; custom_margin_tablet=&#8221;&#8221; custom_margin_phone=&#8221;|0px|0px|0px|false|true&#8221; custom_margin_last_edited=&#8221;on|phone&#8221; custom_padding=&#8221;0px|0px|0px|30px|true|false&#8221; custom_padding_tablet=&#8221;&#8221; custom_padding_phone=&#8221;0px|10px|0px|10px|true|true&#8221; custom_padding_last_edited=&#8221;on|phone&#8221;]<\/p>\n<p>Zagorka je osnovana 1889. godine kao prva tvornica glinenih i vatrostalnih proizvoda u Hrvatskoj zahvaljuju\u0107i visokokvalitetnim nalazi\u0161tima gline u Bedekov\u010dini. Od 1995. Zagorka posluje kao privatna tvrtka za proizvodnju keramike.<\/p>\n<p>Proizvodni asortiman\u00a0obuhva\u0107a:\u00a0kerami\u010dke obloge za pe\u0107i,\u00a0kaljeve elemente,\u00a0ventilirane kerami\u010dke fasade, termobetone te pre\u0161ane i vu\u010dene vatrostalne materijale.<\/p>\n<p>U sklopu tvornice nalazi se trgovina\u00a0<em>Zagorka.<\/em>\u00a0Ponuda uklju\u010duje\u00a0kamine, lo\u017ei\u0161ta i pe\u0107i vode\u0107ih europskih proizvo\u0111a\u010da kao \u0161to su La Nordica-Extraflame, Spartherm, Schmid i Kratki te \u0161amotni pribor iz vlastite proizvodnje.<\/p>\n<p><strong>Profil tvrtke<\/strong><\/p>\n<p>Naziv tvrtke: Zagorka d.o.o. za proizvodnju glinenih materijala<br \/>Skra\u0107eni naziv tvrtke: Zagorka d.o.o.<br \/>Sjedi\u0161te tvrtke: Matije Gupca 2, 49221 Bedekov\u010dina<br \/>Tvrtka je upisana u sudski registar Trgova\u010dkog suda u Zagrebu.\u00a0<br \/>Temeljni kapital iznosi\u00a01.184.398,48\u00a0\u20ac.<br \/>Poslovna banka: Privredna banka Zagreb d.d.<br \/>OIB: 63599753216 \/\u00a0MB: 03044700<br \/>IBAN: HR0423400091110102883<br \/>SWIFT (BIC): PBZGHR2X<br \/>\u010clan uprave: Zvonko Jaku\u0161<\/p>\n<p>[\/et_pb_text][\/et_pb_column][et_pb_column type=&#8221;2_5&#8243; _builder_version=&#8221;4.4.2&#8243;][et_pb_image src=&#8221;https:\/\/zagorka.hr\/wp-content\/uploads\/2023\/11\/zagorka-ltd-1-scaled.jpg&#8221; disabled_on=&#8221;on|off|off&#8221; _builder_version=&#8221;4.4.2&#8243; custom_margin=&#8221;150px||||false|false&#8221; custom_margin_tablet=&#8221;&#8221; custom_margin_phone=&#8221;0px||||false|false&#8221; custom_margin_last_edited=&#8221;on|phone&#8221; custom_padding=&#8221;0px|0px|0px|0px|true|true&#8221;][\/et_pb_image][\/et_pb_column][\/et_pb_row][\/et_pb_section]<\/p>\n","protected":false},"excerpt":{"rendered":"<p><span><span><a href=\"https:\/\/zagorka.hr\/hr\/\">Home<\/a><\/span><\/span>O NAMAZagorka je osnovana 1889. godine kao prva tvornica glinenih i vatrostalnih proizvoda u Hrvatskoj zahvaljuju\u0107i visokokvalitetnim nalazi\u0161tima gline u Bedekov\u010dini. Od 1995. Zagorka posluje kao privatna tvrtka za proizvodnju keramike. Proizvodni asortiman\u00a0obuhva\u0107a:\u00a0kerami\u010dke obloge za pe\u0107i,\u00a0kaljeve elemente,\u00a0ventilirane kerami\u010dke fasade, termobetone te pre\u0161ane i vu\u010dene vatrostalne materijale. U sklopu tvornice nalazi se trgovina\u00a0Zagorka.\u00a0Ponuda uklju\u010duje\u00a0kamine, lo\u017ei\u0161ta i [&hellip;]<\/p>\n","protected":false},"author":1,"featured_media":0,"parent":0,"menu_order":0,"comment_status":"closed","ping_status":"closed","template":"","meta":{"_et_pb_use_builder":"on","_et_pb_old_content":"","_et_gb_content_width":"","footnotes":""},"class_list":["post-147","page","type-page","status-publish","hentry"],"yoast_head":"<!-- This site is optimized with the Yoast SEO plugin v21.6 - https:\/\/yoast.com\/wordpress\/plugins\/seo\/ -->\n<title>o-nama - Zagorka<\/title>\n<meta name=\"robots\" content=\"index, follow, max-snippet:-1, max-image-preview:large, max-video-preview:-1\" \/>\n<link rel=\"canonical\" href=\"https:\/\/zagorka.hr\/hr\/o-nama\/\" \/>\n<meta property=\"og:locale\" content=\"hr_HR\" \/>\n<meta property=\"og:type\" content=\"article\" \/>\n<meta property=\"og:title\" content=\"o-nama - Zagorka\" \/>\n<meta property=\"og:description\" content=\"O NAMAZagorka je osnovana 1889. godine kao prva tvornica glinenih i vatrostalnih proizvoda u Hrvatskoj zahvaljuju\u0107i visokokvalitetnim nalazi\u0161tima gline u Bedekov\u010dini. Od 1995. Zagorka posluje kao privatna tvrtka za proizvodnju keramike. Proizvodni asortiman\u00a0obuhva\u0107a:\u00a0kerami\u010dke obloge za pe\u0107i,\u00a0kaljeve elemente,\u00a0ventilirane kerami\u010dke fasade, termobetone te pre\u0161ane i vu\u010dene vatrostalne materijale. U sklopu tvornice nalazi se trgovina\u00a0Zagorka.\u00a0Ponuda uklju\u010duje\u00a0kamine, lo\u017ei\u0161ta i [&hellip;]\" \/>\n<meta property=\"og:url\" content=\"https:\/\/zagorka.hr\/hr\/o-nama\/\" \/>\n<meta property=\"og:site_name\" content=\"Zagorka\" \/>\n<meta property=\"article:modified_time\" content=\"2023-11-29T07:39:49+00:00\" \/>\n<meta name=\"twitter:card\" content=\"summary_large_image\" \/>\n<meta name=\"twitter:label1\" content=\"Procijenjeno vrijeme \u010ditanja\" \/>\n\t<meta name=\"twitter:data1\" content=\"2 minute\" \/>\n<script type=\"application\/ld+json\" class=\"yoast-schema-graph\">{\"@context\":\"https:\/\/schema.org\",\"@graph\":[{\"@type\":\"WebPage\",\"@id\":\"https:\/\/zagorka.hr\/hr\/o-nama\/\",\"url\":\"https:\/\/zagorka.hr\/hr\/o-nama\/\",\"name\":\"o-nama - Zagorka\",\"isPartOf\":{\"@id\":\"https:\/\/zagorka.hr\/hr\/#website\"},\"datePublished\":\"2023-11-28T05:53:06+00:00\",\"dateModified\":\"2023-11-29T07:39:49+00:00\",\"breadcrumb\":{\"@id\":\"https:\/\/zagorka.hr\/hr\/o-nama\/#breadcrumb\"},\"inLanguage\":\"hr\",\"potentialAction\":[{\"@type\":\"ReadAction\",\"target\":[\"https:\/\/zagorka.hr\/hr\/o-nama\/\"]}]},{\"@type\":\"BreadcrumbList\",\"@id\":\"https:\/\/zagorka.hr\/hr\/o-nama\/#breadcrumb\",\"itemListElement\":[{\"@type\":\"ListItem\",\"position\":1,\"name\":\"Home\",\"item\":\"https:\/\/zagorka.hr\/hr\/\"},{\"@type\":\"ListItem\",\"position\":2,\"name\":\"o-nama\"}]},{\"@type\":\"WebSite\",\"@id\":\"https:\/\/zagorka.hr\/hr\/#website\",\"url\":\"https:\/\/zagorka.hr\/hr\/\",\"name\":\"Zagorka\",\"description\":\"zagorka.hr\",\"potentialAction\":[{\"@type\":\"SearchAction\",\"target\":{\"@type\":\"EntryPoint\",\"urlTemplate\":\"https:\/\/zagorka.hr\/hr\/?s={search_term_string}\"},\"query-input\":\"required name=search_term_string\"}],\"inLanguage\":\"hr\"}]}<\/script>\n<!-- \/ Yoast SEO plugin. -->","yoast_head_json":{"title":"o-nama - Zagorka","robots":{"index":"index","follow":"follow","max-snippet":"max-snippet:-1","max-image-preview":"max-image-preview:large","max-video-preview":"max-video-preview:-1"},"canonical":"https:\/\/zagorka.hr\/hr\/o-nama\/","og_locale":"hr_HR","og_type":"article","og_title":"o-nama - Zagorka","og_description":"O NAMAZagorka je osnovana 1889. godine kao prva tvornica glinenih i vatrostalnih proizvoda u Hrvatskoj zahvaljuju\u0107i visokokvalitetnim nalazi\u0161tima gline u Bedekov\u010dini. Od 1995. Zagorka posluje kao privatna tvrtka za proizvodnju keramike. Proizvodni asortiman\u00a0obuhva\u0107a:\u00a0kerami\u010dke obloge za pe\u0107i,\u00a0kaljeve elemente,\u00a0ventilirane kerami\u010dke fasade, termobetone te pre\u0161ane i vu\u010dene vatrostalne materijale. U sklopu tvornice nalazi se trgovina\u00a0Zagorka.\u00a0Ponuda uklju\u010duje\u00a0kamine, lo\u017ei\u0161ta i [&hellip;]","og_url":"https:\/\/zagorka.hr\/hr\/o-nama\/","og_site_name":"Zagorka","article_modified_time":"2023-11-29T07:39:49+00:00","twitter_card":"summary_large_image","twitter_misc":{"Procijenjeno vrijeme \u010ditanja":"2 minute"},"schema":{"@context":"https:\/\/schema.org","@graph":[{"@type":"WebPage","@id":"https:\/\/zagorka.hr\/hr\/o-nama\/","url":"https:\/\/zagorka.hr\/hr\/o-nama\/","name":"o-nama - Zagorka","isPartOf":{"@id":"https:\/\/zagorka.hr\/hr\/#website"},"datePublished":"2023-11-28T05:53:06+00:00","dateModified":"2023-11-29T07:39:49+00:00","breadcrumb":{"@id":"https:\/\/zagorka.hr\/hr\/o-nama\/#breadcrumb"},"inLanguage":"hr","potentialAction":[{"@type":"ReadAction","target":["https:\/\/zagorka.hr\/hr\/o-nama\/"]}]},{"@type":"BreadcrumbList","@id":"https:\/\/zagorka.hr\/hr\/o-nama\/#breadcrumb","itemListElement":[{"@type":"ListItem","position":1,"name":"Home","item":"https:\/\/zagorka.hr\/hr\/"},{"@type":"ListItem","position":2,"name":"o-nama"}]},{"@type":"WebSite","@id":"https:\/\/zagorka.hr\/hr\/#website","url":"https:\/\/zagorka.hr\/hr\/","name":"Zagorka","description":"zagorka.hr","potentialAction":[{"@type":"SearchAction","target":{"@type":"EntryPoint","urlTemplate":"https:\/\/zagorka.hr\/hr\/?s={search_term_string}"},"query-input":"required name=search_term_string"}],"inLanguage":"hr"}]}},"_links":{"self":[{"href":"https:\/\/zagorka.hr\/hr\/wp-json\/wp\/v2\/pages\/147","targetHints":{"allow":["GET"]}}],"collection":[{"href":"https:\/\/zagorka.hr\/hr\/wp-json\/wp\/v2\/pages"}],"about":[{"href":"https:\/\/zagorka.hr\/hr\/wp-json\/wp\/v2\/types\/page"}],"author":[{"embeddable":true,"href":"https:\/\/zagorka.hr\/hr\/wp-json\/wp\/v2\/users\/1"}],"replies":[{"embeddable":true,"href":"https:\/\/zagorka.hr\/hr\/wp-json\/wp\/v2\/comments?post=147"}],"version-history":[{"count":47,"href":"https:\/\/zagorka.hr\/hr\/wp-json\/wp\/v2\/pages\/147\/revisions"}],"predecessor-version":[{"id":754,"href":"https:\/\/zagorka.hr\/hr\/wp-json\/wp\/v2\/pages\/147\/revisions\/754"}],"wp:attachment":[{"href":"https:\/\/zagorka.hr\/hr\/wp-json\/wp\/v2\/media?parent=147"}],"curies":[{"name":"wp","href":"https:\/\/api.w.org\/{rel}","templated":true}]}}