{"id":651,"date":"2023-11-29T05:00:41","date_gmt":"2023-11-29T05:00:41","guid":{"rendered":"https:\/\/zagorka.hr\/?page_id=651"},"modified":"2023-11-30T09:44:03","modified_gmt":"2023-11-30T09:44:03","slug":"home","status":"publish","type":"page","link":"https:\/\/zagorka.hr\/hr\/","title":{"rendered":"Home"},"content":{"rendered":"<p>[et_pb_section fb_built=&#8221;1&#8243; admin_label=&#8221;Banner&#8221; module_class=&#8221;home-slider&#8221; _builder_version=&#8221;4.4.2&#8243; background_color=&#8221;#f9f1e3&#8243; custom_margin=&#8221;0px||||false|false&#8221; custom_padding=&#8221;0px||0px||true|false&#8221;][et_pb_row _builder_version=&#8221;4.4.2&#8243; custom_margin=&#8221;0px||||false|false&#8221; custom_padding=&#8221;0px||||false|false&#8221;][et_pb_column type=&#8221;4_4&#8243; _builder_version=&#8221;4.4.2&#8243;][et_pb_slider show_pagination=&#8221;off&#8221; _builder_version=&#8221;4.4.2&#8243; background_enable_image=&#8221;off&#8221; width=&#8221;100%&#8221; max_width=&#8221;1180px&#8221; custom_margin=&#8221;0px||||false|false&#8221; custom_padding=&#8221;0px||||false|false&#8221;][et_pb_slide _builder_version=&#8221;4.4.2&#8243; background_enable_color=&#8221;off&#8221; background_image=&#8221;https:\/\/zagorka.hr\/wp-content\/uploads\/2023\/11\/anima.png&#8221; background_enable_image=&#8221;on&#8221;][\/et_pb_slide][et_pb_slide _builder_version=&#8221;4.4.2&#8243; background_enable_color=&#8221;off&#8221; background_image=&#8221;https:\/\/zagorka.hr\/wp-content\/uploads\/2023\/11\/anima.png&#8221; background_enable_image=&#8221;on&#8221;][\/et_pb_slide][\/et_pb_slider][\/et_pb_column][\/et_pb_row][\/et_pb_section][et_pb_section fb_built=&#8221;1&#8243; admin_label=&#8221;Post&#8221; module_class=&#8221;home-blog&#8221; _builder_version=&#8221;4.4.2&#8243;][et_pb_row _builder_version=&#8221;4.4.2&#8243;][et_pb_column type=&#8221;4_4&#8243; _builder_version=&#8221;4.4.2&#8243;][et_pb_blog fullwidth=&#8221;off&#8221; posts_number=&#8221;6&#8243; excerpt_length=&#8221;150&#8243; show_author=&#8221;off&#8221; show_date=&#8221;off&#8221; show_categories=&#8221;off&#8221; show_pagination=&#8221;off&#8221; _builder_version=&#8221;4.4.2&#8243; hover_enabled=&#8221;0&#8243;][\/et_pb_blog][\/et_pb_column][\/et_pb_row][\/et_pb_section][et_pb_section fb_built=&#8221;1&#8243; admin_label=&#8221;Product category&#8221; module_class=&#8221;product-part&#8221; _builder_version=&#8221;4.4.2&#8243; background_color=&#8221;#f6f6f6&#8243; custom_padding=&#8221;60px||60px||true|false&#8221;][et_pb_row _builder_version=&#8221;4.4.2&#8243;][et_pb_column type=&#8221;4_4&#8243; _builder_version=&#8221;4.4.2&#8243;][et_pb_text _builder_version=&#8221;4.4.2&#8243; header_font=&#8221;|700|||||||&#8221; header_text_color=&#8221;#5f5f5f&#8221; header_line_height=&#8221;36px&#8221;]<\/p>\n<h1>PROIZVODI<\/h1>\n<p>[\/et_pb_text][\/et_pb_column][\/et_pb_row][et_pb_row column_structure=&#8221;1_3,1_3,1_3&#8243; _builder_version=&#8221;4.4.2&#8243;][et_pb_column type=&#8221;1_3&#8243; _builder_version=&#8221;4.4.2&#8243;][et_pb_blurb title=&#8221;Kamini i pe\u0107i&#8221; url=&#8221;\/product_cat\/kamini-i-peci\/&#8221; url_new_window=&#8221;on&#8221; image=&#8221;https:\/\/zagorka.hr\/wp-content\/uploads\/2023\/11\/screen-shot-2017-09-15-at-13.25.52.png&#8221; _builder_version=&#8221;4.4.2&#8243; header_font=&#8221;|700|||||||&#8221; header_text_align=&#8221;center&#8221; header_text_color=&#8221;#b0262a&#8221; header_font_size=&#8221;30px&#8221; header_line_height=&#8221;35px&#8221; text_orientation=&#8221;center&#8221; header_text_shadow_style=&#8221;preset1&#8243;][\/et_pb_blurb][\/et_pb_column][et_pb_column type=&#8221;1_3&#8243; _builder_version=&#8221;4.4.2&#8243;][et_pb_blurb title=&#8221;Kerami\u010dke obloge za pe\u0107i&#8221; url=&#8221;\/product_cat\/keramicke-obloge-za-peci\/&#8221; url_new_window=&#8221;on&#8221; image=&#8221;https:\/\/zagorka.hr\/wp-content\/uploads\/2023\/11\/screen-shot-2017-09-25-at-18.47.54.png&#8221; _builder_version=&#8221;4.4.2&#8243; header_font=&#8221;|700|||||||&#8221; header_text_align=&#8221;center&#8221; header_text_color=&#8221;#b0262a&#8221; header_font_size=&#8221;30px&#8221; header_line_height=&#8221;35px&#8221; text_orientation=&#8221;center&#8221; header_text_shadow_style=&#8221;preset1&#8243;][\/et_pb_blurb][\/et_pb_column][et_pb_column type=&#8221;1_3&#8243; _builder_version=&#8221;4.4.2&#8243;][et_pb_blurb title=&#8221;Ventilirane kerami\u010dke fasade&#8221; url=&#8221;\/product_cat\/ventilirane-keramicke-fasade\/&#8221; url_new_window=&#8221;on&#8221; image=&#8221;https:\/\/zagorka.hr\/wp-content\/uploads\/2023\/11\/1-69-.jpg&#8221; _builder_version=&#8221;4.4.2&#8243; header_font=&#8221;|700|||||||&#8221; header_text_align=&#8221;center&#8221; header_text_color=&#8221;#b0262a&#8221; header_font_size=&#8221;30px&#8221; header_line_height=&#8221;35px&#8221; text_orientation=&#8221;center&#8221; header_text_shadow_style=&#8221;preset1&#8243;][\/et_pb_blurb][\/et_pb_column][\/et_pb_row][et_pb_row column_structure=&#8221;1_3,1_3,1_3&#8243; _builder_version=&#8221;4.4.2&#8243;][et_pb_column type=&#8221;1_3&#8243; _builder_version=&#8221;4.4.2&#8243;][et_pb_blurb title=&#8221;Vatrostalni materijal&#8221; url=&#8221;\/product_cat\/vatrostalni-materijal\/&#8221; url_new_window=&#8221;on&#8221; image=&#8221;https:\/\/zagorka.hr\/wp-content\/uploads\/2023\/11\/210812958517542599831197220496_screen-shot-2017-09-25-at-16.59.33.png&#8221; _builder_version=&#8221;4.4.2&#8243; header_font=&#8221;|700|||||||&#8221; header_text_align=&#8221;center&#8221; header_text_color=&#8221;#b0262a&#8221; header_font_size=&#8221;30px&#8221; header_line_height=&#8221;35px&#8221; text_orientation=&#8221;center&#8221; header_text_shadow_style=&#8221;preset1&#8243;][\/et_pb_blurb][et_pb_image src=&#8221;https:\/\/zagorka.hr\/wp-content\/uploads\/2023\/11\/cate-arrow.png&#8221; module_class=&#8221;cate-title img&#8221; _builder_version=&#8221;4.4.2&#8243; position_origin_a=&#8221;top_center&#8221; width=&#8221;100%&#8221;][\/et_pb_image][\/et_pb_column][et_pb_column type=&#8221;1_3&#8243; _builder_version=&#8221;4.4.2&#8243;][et_pb_blurb title=&#8221;Glina&#8221; url=&#8221;\/product_cat\/glina\/&#8221; url_new_window=&#8221;on&#8221; image=&#8221;https:\/\/zagorka.hr\/wp-content\/uploads\/2023\/11\/glina.jpg&#8221; _builder_version=&#8221;4.4.2&#8243; header_font=&#8221;|700|||||||&#8221; header_text_align=&#8221;center&#8221; header_text_color=&#8221;#b0262a&#8221; header_font_size=&#8221;30px&#8221; header_line_height=&#8221;35px&#8221; text_orientation=&#8221;center&#8221; header_text_shadow_style=&#8221;preset1&#8243;][\/et_pb_blurb][\/et_pb_column][et_pb_column type=&#8221;1_3&#8243; _builder_version=&#8221;4.4.2&#8243;][\/et_pb_column][\/et_pb_row][\/et_pb_section][et_pb_section fb_built=&#8221;1&#8243; module_class=&#8221;post-layout&#8221; _builder_version=&#8221;4.4.2&#8243;][et_pb_row column_structure=&#8221;1_2,1_2&#8243; _builder_version=&#8221;4.4.2&#8243;][et_pb_column type=&#8221;1_2&#8243; _builder_version=&#8221;4.4.2&#8243;][et_pb_blurb title=&#8221;Zagorka &#8211; kaljevi&#8221; image=&#8221;https:\/\/zagorka.hr\/wp-content\/uploads\/2023\/11\/zagorka-kaljeve-peci-i-kaljevi.png&#8221; icon_placement=&#8221;left&#8221; _builder_version=&#8221;4.4.2&#8243; link_option_url=&#8221;\/2023\/11\/28\/zagorka-kaljevi\/&#8221; link_option_url_new_window=&#8221;on&#8221;]<\/p>\n<p>Kaljeve pe\u0107i kakve danas poznajemo razvile su se u Austriji i Ju\u017enoj Njema\u010dkoj. Svoj procvat do\u017eivljavaju tijekom 15. stolje\u0107a kada preuzimaju ulogu&#8230;<\/p>\n<p><span style=\"color: #ff0000;\">Pro\u010ditajte vi\u0161e<\/span><\/p>\n<p>[\/et_pb_blurb][\/et_pb_column][et_pb_column type=&#8221;1_2&#8243; _builder_version=&#8221;4.4.2&#8243;][et_pb_blurb title=&#8221;\u201eKonkurentnost i kohezija\u201c'&#8221; image=&#8221;https:\/\/zagorka.hr\/wp-content\/uploads\/2023\/11\/web-vidljivost.png&#8221; icon_placement=&#8221;left&#8221; _builder_version=&#8221;4.4.2&#8243; link_option_url=&#8221;\/2023\/11\/28\/zagorka-kaljevi\/&#8221; link_option_url_new_window=&#8221;on&#8221;]<\/p>\n<p>Zagorka d.o.o. krajnji je primatelj \ufb01nancijskog instrumenta su\ufb01nanciranog iz Europskog fonda za regionalni razvoj u sklopu\u00a0Operativnog programa&#8230;<\/p>\n<p><span style=\"color: #ff0000;\">Pro\u010ditajte vi\u0161e<\/span><\/p>\n<p>[\/et_pb_blurb][\/et_pb_column][\/et_pb_row][\/et_pb_section]<\/p>\n","protected":false},"excerpt":{"rendered":"<p>PROIZVODIKaljeve pe\u0107i kakve danas poznajemo razvile su se u Austriji i Ju\u017enoj Njema\u010dkoj. Svoj procvat do\u017eivljavaju tijekom 15. stolje\u0107a kada preuzimaju ulogu&#8230; Pro\u010ditajte vi\u0161eZagorka d.o.o. krajnji je primatelj \ufb01nancijskog instrumenta su\ufb01nanciranog iz Europskog fonda za regionalni razvoj u sklopu\u00a0Operativnog programa&#8230; Pro\u010ditajte vi\u0161e<\/p>\n","protected":false},"author":1,"featured_media":0,"parent":0,"menu_order":0,"comment_status":"closed","ping_status":"closed","template":"","meta":{"_et_pb_use_builder":"on","_et_pb_old_content":"","_et_gb_content_width":"","footnotes":""},"class_list":["post-651","page","type-page","status-publish","hentry"],"yoast_head":"<!-- This site is optimized with the Yoast SEO plugin v21.6 - https:\/\/yoast.com\/wordpress\/plugins\/seo\/ -->\n<title>Home - Zagorka<\/title>\n<meta name=\"robots\" content=\"index, follow, max-snippet:-1, max-image-preview:large, max-video-preview:-1\" \/>\n<link rel=\"canonical\" href=\"https:\/\/zagorka.hr\/hr\/\" \/>\n<meta property=\"og:locale\" content=\"hr_HR\" \/>\n<meta property=\"og:type\" content=\"article\" \/>\n<meta property=\"og:title\" content=\"Home - Zagorka\" \/>\n<meta property=\"og:description\" content=\"PROIZVODIKaljeve pe\u0107i kakve danas poznajemo razvile su se u Austriji i Ju\u017enoj Njema\u010dkoj. Svoj procvat do\u017eivljavaju tijekom 15. stolje\u0107a kada preuzimaju ulogu... Pro\u010ditajte vi\u0161eZagorka d.o.o. krajnji je primatelj \ufb01nancijskog instrumenta su\ufb01nanciranog iz Europskog fonda za regionalni razvoj u sklopu\u00a0Operativnog programa... Pro\u010ditajte vi\u0161e\" \/>\n<meta property=\"og:url\" content=\"https:\/\/zagorka.hr\/hr\/\" \/>\n<meta property=\"og:site_name\" content=\"Zagorka\" \/>\n<meta property=\"article:modified_time\" content=\"2023-11-30T09:44:03+00:00\" \/>\n<meta name=\"twitter:card\" content=\"summary_large_image\" \/>\n<meta name=\"twitter:label1\" content=\"Procijenjeno vrijeme \u010ditanja\" \/>\n\t<meta name=\"twitter:data1\" content=\"2 minute\" \/>\n<script type=\"application\/ld+json\" class=\"yoast-schema-graph\">{\"@context\":\"https:\/\/schema.org\",\"@graph\":[{\"@type\":\"WebPage\",\"@id\":\"https:\/\/zagorka.hr\/hr\/\",\"url\":\"https:\/\/zagorka.hr\/hr\/\",\"name\":\"Home - Zagorka\",\"isPartOf\":{\"@id\":\"https:\/\/zagorka.hr\/hr\/#website\"},\"datePublished\":\"2023-11-29T05:00:41+00:00\",\"dateModified\":\"2023-11-30T09:44:03+00:00\",\"breadcrumb\":{\"@id\":\"https:\/\/zagorka.hr\/hr\/#breadcrumb\"},\"inLanguage\":\"hr\",\"potentialAction\":[{\"@type\":\"ReadAction\",\"target\":[\"https:\/\/zagorka.hr\/hr\/\"]}]},{\"@type\":\"BreadcrumbList\",\"@id\":\"https:\/\/zagorka.hr\/hr\/#breadcrumb\",\"itemListElement\":[{\"@type\":\"ListItem\",\"position\":1,\"name\":\"Home\",\"item\":\"https:\/\/zagorka.hr\/hr\/\"},{\"@type\":\"ListItem\",\"position\":2,\"name\":\"Home\"}]},{\"@type\":\"WebSite\",\"@id\":\"https:\/\/zagorka.hr\/hr\/#website\",\"url\":\"https:\/\/zagorka.hr\/hr\/\",\"name\":\"Zagorka\",\"description\":\"zagorka.hr\",\"potentialAction\":[{\"@type\":\"SearchAction\",\"target\":{\"@type\":\"EntryPoint\",\"urlTemplate\":\"https:\/\/zagorka.hr\/hr\/?s={search_term_string}\"},\"query-input\":\"required name=search_term_string\"}],\"inLanguage\":\"hr\"}]}<\/script>\n<!-- \/ Yoast SEO plugin. -->","yoast_head_json":{"title":"Home - Zagorka","robots":{"index":"index","follow":"follow","max-snippet":"max-snippet:-1","max-image-preview":"max-image-preview:large","max-video-preview":"max-video-preview:-1"},"canonical":"https:\/\/zagorka.hr\/hr\/","og_locale":"hr_HR","og_type":"article","og_title":"Home - Zagorka","og_description":"PROIZVODIKaljeve pe\u0107i kakve danas poznajemo razvile su se u Austriji i Ju\u017enoj Njema\u010dkoj. Svoj procvat do\u017eivljavaju tijekom 15. stolje\u0107a kada preuzimaju ulogu... Pro\u010ditajte vi\u0161eZagorka d.o.o. krajnji je primatelj \ufb01nancijskog instrumenta su\ufb01nanciranog iz Europskog fonda za regionalni razvoj u sklopu\u00a0Operativnog programa... Pro\u010ditajte vi\u0161e","og_url":"https:\/\/zagorka.hr\/hr\/","og_site_name":"Zagorka","article_modified_time":"2023-11-30T09:44:03+00:00","twitter_card":"summary_large_image","twitter_misc":{"Procijenjeno vrijeme \u010ditanja":"2 minute"},"schema":{"@context":"https:\/\/schema.org","@graph":[{"@type":"WebPage","@id":"https:\/\/zagorka.hr\/hr\/","url":"https:\/\/zagorka.hr\/hr\/","name":"Home - Zagorka","isPartOf":{"@id":"https:\/\/zagorka.hr\/hr\/#website"},"datePublished":"2023-11-29T05:00:41+00:00","dateModified":"2023-11-30T09:44:03+00:00","breadcrumb":{"@id":"https:\/\/zagorka.hr\/hr\/#breadcrumb"},"inLanguage":"hr","potentialAction":[{"@type":"ReadAction","target":["https:\/\/zagorka.hr\/hr\/"]}]},{"@type":"BreadcrumbList","@id":"https:\/\/zagorka.hr\/hr\/#breadcrumb","itemListElement":[{"@type":"ListItem","position":1,"name":"Home","item":"https:\/\/zagorka.hr\/hr\/"},{"@type":"ListItem","position":2,"name":"Home"}]},{"@type":"WebSite","@id":"https:\/\/zagorka.hr\/hr\/#website","url":"https:\/\/zagorka.hr\/hr\/","name":"Zagorka","description":"zagorka.hr","potentialAction":[{"@type":"SearchAction","target":{"@type":"EntryPoint","urlTemplate":"https:\/\/zagorka.hr\/hr\/?s={search_term_string}"},"query-input":"required name=search_term_string"}],"inLanguage":"hr"}]}},"_links":{"self":[{"href":"https:\/\/zagorka.hr\/hr\/wp-json\/wp\/v2\/pages\/651","targetHints":{"allow":["GET"]}}],"collection":[{"href":"https:\/\/zagorka.hr\/hr\/wp-json\/wp\/v2\/pages"}],"about":[{"href":"https:\/\/zagorka.hr\/hr\/wp-json\/wp\/v2\/types\/page"}],"author":[{"embeddable":true,"href":"https:\/\/zagorka.hr\/hr\/wp-json\/wp\/v2\/users\/1"}],"replies":[{"embeddable":true,"href":"https:\/\/zagorka.hr\/hr\/wp-json\/wp\/v2\/comments?post=651"}],"version-history":[{"count":11,"href":"https:\/\/zagorka.hr\/hr\/wp-json\/wp\/v2\/pages\/651\/revisions"}],"predecessor-version":[{"id":1250,"href":"https:\/\/zagorka.hr\/hr\/wp-json\/wp\/v2\/pages\/651\/revisions\/1250"}],"wp:attachment":[{"href":"https:\/\/zagorka.hr\/hr\/wp-json\/wp\/v2\/media?parent=651"}],"curies":[{"name":"wp","href":"https:\/\/api.w.org\/{rel}","templated":true}]}}